{"id":122,"date":"2022-11-12T23:14:46","date_gmt":"2022-11-12T23:14:46","guid":{"rendered":"https:\/\/vigilant-hugle.85-10-193-176.plesk.page\/?page_id=122"},"modified":"2025-08-13T13:07:22","modified_gmt":"2025-08-13T11:07:22","slug":"impressum","status":"publish","type":"page","link":"https:\/\/rechtsanwaltskanzlei-heidelberg.de\/en\/impressum\/","title":{"rendered":"Imprint"},"content":{"rendered":"<div data-elementor-type=\"wp-page\" data-elementor-id=\"122\" class=\"elementor elementor-122\" data-elementor-post-type=\"page\">\n\t\t\t\t<div class=\"elementor-element elementor-element-7e000d0 e-con-full e-flex e-con e-parent\" data-id=\"7e000d0\" data-element_type=\"container\" data-e-type=\"container\" data-settings=\"{&quot;background_background&quot;:&quot;classic&quot;,&quot;jet_parallax_layout_list&quot;:[]}\">\n\t\t<div class=\"elementor-element elementor-element-08d45f3 e-con-full e-flex e-con e-child\" data-id=\"08d45f3\" data-element_type=\"container\" data-e-type=\"container\" data-settings=\"{&quot;jet_parallax_layout_list&quot;:[]}\">\n\t\t\t\t<div class=\"elementor-element elementor-element-f4e6c10 elementor-widget elementor-widget-heading\" data-id=\"f4e6c10\" data-element_type=\"widget\" data-e-type=\"widget\" data-widget_type=\"heading.default\">\n\t\t\t\t<div class=\"elementor-widget-container\">\n\t\t\t\t\t<h1 class=\"elementor-heading-title elementor-size-default\">Imprint<\/h1>\t\t\t\t<\/div>\n\t\t\t\t<\/div>\n\t\t\t\t<div class=\"elementor-element elementor-element-03a1ebf elementor-widget elementor-widget-text-editor\" data-id=\"03a1ebf\" data-element_type=\"widget\" data-e-type=\"widget\" data-widget_type=\"text-editor.default\">\n\t\t\t\t<div class=\"elementor-widget-container\">\n\t\t\t\t\t\t\t\t\t<h2>Zimmermann &#8211; B\u00e4uerle und Partner Rechtsanw\u00e4lte PartG mbB<\/h2><p>Weberstr. 2<br \/>D 69120 Heidelberg<\/p><p>Telefon: 06221 \/ 50256-0<br \/>Telefax: 06221 \/ 50256-10<br \/>E-Mail:\u00a0<span id=\"cloak5af53a1d01b8b85b3b7b25c445bf1f58\"><a href=\"mailto:info@rechtsanwaltskanzlei-heidelberg.de\">info@rechtsanwaltskanzlei-heidelberg.de<\/a><\/span><\/p><p>Amtsgericht Mannheim, Partnerschaftsregister 700461<\/p><p>Partner:<\/p><ul><li>Tim B\u00e4uerle, Rechtsanwalt<\/li><li>Despina Triantou, Rechtsanw\u00e4ltin<\/li><li>Sofia Fogel, Rechtsanw\u00e4ltin<\/li><\/ul><p>Wir sind Rechtsanw\u00e4lte (Bundesrepublik Deutschland) und geh\u00f6ren der folgenden Rechtsanwaltskammer an:<\/p><p>Rechtsanwaltskammer Karlsruhe<br \/>Reinhold-Frank-Stra\u00dfe 72<br \/>76133 Karlsruhe<\/p><p>Rechtsanwaltskammer Athen\/Griechenland <br \/>Akadimias Str. 60<br \/>GR-10679 Athen<\/p><p>Es gelten die folgenden berufsrechtlichen Regelungen:<\/p><ul><li>Bundesrechtsanwaltsordnung (BRAO)<\/li><li>Berufsordnung f\u00fcr Rechtsanw\u00e4lte (BORA)<\/li><li>Rechtsanwaltsverg\u00fctungsgesetz (RVG)<\/li><li>Berufsregeln der Rechtsanw\u00e4lte der Europ\u00e4ischen Gemeinschaft (CCBE)<\/li><\/ul><p>Hinweis nach \u00a7 5 Telemediengesetz (TMG): Die entsprechenden berufsrechtlichen Vorschriften finden Sie unter der Rubrik \u201eBerufsrecht\u201c auf der Homepage der Bundesrechtsanwaltskammer unter\u00a0<a href=\"https:\/\/www.brak.de\/\" target=\"_blank\" rel=\"noopener\">www.brak.de<\/a>.<\/p><h3>Berufshaftpflichtversicherung:<\/h3><p>F\u00fcr die in unserer Kanzlei t\u00e4tigen Rechtsanw\u00e4lte bestehen Berufshaftpflichtversicherungen bei der R+V Allgemeine Versicherung AG, 65189 Wiesbaden. Der r\u00e4umliche Geltungsbereich des Versicherungsschutzes umfasst T\u00e4tigkeiten in den Mitgliedsl\u00e4ndern der Europ\u00e4ischen Union und gen\u00fcgt so mindestens den Anforderungen des \u00a7 51 BRAO.<\/p><h3>Haftungsausschluss f\u00fcr externe Querverweise:<\/h3><p>Der Inhalt der Websites, auf die mittels Hypertext-Links oder in anderer Weise verwiesen wird, stammt nicht von uns, ist uns im einzelnen nicht bekannt und wird von uns auch nicht zur Nutzung als eigener oder fremder Inhalt bereitgehalten. Wir \u00fcbernehmen deshalb keine Verantwortung oder Gew\u00e4hr f\u00fcr den Inhalt irgendeiner Website, auf die durch Hypertext-Links oder in anderer Weise verwiesen wird. Ein rechtsgesch\u00e4ftlicher Wille ist mit der Bereitstellung solcher Verweise nicht verbunden.<\/p>\t\t\t\t\t\t\t\t<\/div>\n\t\t\t\t<\/div>\n\t\t\t\t<\/div>\n\t\t\t\t<\/div>\n\t\t\t\t<\/div>","protected":false},"excerpt":{"rendered":"<p>Impressum Zimmermann &#8211; B\u00e4uerle und Partner Rechtsanw\u00e4lte PartG mbB Weberstr. 2D 69120 Heidelberg Telefon: 06221 \/ 50256-0Telefax: 06221 \/ 50256-10E-Mail:\u00a0info@rechtsanwaltskanzlei-heidelberg.de Amtsgericht Mannheim, Partnerschaftsregister 700461 Partner: Tim B\u00e4uerle, Rechtsanwalt Despina Triantou, Rechtsanw\u00e4ltin Sofia Fogel, Rechtsanw\u00e4ltin Wir sind Rechtsanw\u00e4lte (Bundesrepublik Deutschland) und geh\u00f6ren der folgenden Rechtsanwaltskammer an: Rechtsanwaltskammer KarlsruheReinhold-Frank-Stra\u00dfe 7276133 Karlsruhe Rechtsanwaltskammer Athen\/Griechenland Akadimias Str. 60GR-10679 Athen [&hellip;]<\/p>\n","protected":false},"author":1,"featured_media":0,"parent":0,"menu_order":0,"comment_status":"closed","ping_status":"closed","template":"","meta":{"footnotes":""},"class_list":["post-122","page","type-page","status-publish","hentry"],"yoast_head":"<!-- This site is optimized with the Yoast SEO plugin v27.5 - https:\/\/yoast.com\/product\/yoast-seo-wordpress\/ -->\n<title>Impressum - Rechtsanwaltskanzlei Heidelberg<\/title>\n<meta name=\"robots\" content=\"index, follow, max-snippet:-1, max-image-preview:large, max-video-preview:-1\" \/>\n<link rel=\"canonical\" href=\"https:\/\/rechtsanwaltskanzlei-heidelberg.de\/en\/impressum\/\" \/>\n<meta property=\"og:locale\" content=\"en_GB\" \/>\n<meta property=\"og:type\" content=\"article\" \/>\n<meta property=\"og:title\" content=\"Impressum - Rechtsanwaltskanzlei Heidelberg\" \/>\n<meta property=\"og:description\" content=\"Impressum Zimmermann &#8211; B\u00e4uerle und Partner Rechtsanw\u00e4lte PartG mbB Weberstr. 2D 69120 Heidelberg Telefon: 06221 \/ 50256-0Telefax: 06221 \/ 50256-10E-Mail:\u00a0info@rechtsanwaltskanzlei-heidelberg.de Amtsgericht Mannheim, Partnerschaftsregister 700461 Partner: Tim B\u00e4uerle, Rechtsanwalt Despina Triantou, Rechtsanw\u00e4ltin Sofia Fogel, Rechtsanw\u00e4ltin Wir sind Rechtsanw\u00e4lte (Bundesrepublik Deutschland) und geh\u00f6ren der folgenden Rechtsanwaltskammer an: Rechtsanwaltskammer KarlsruheReinhold-Frank-Stra\u00dfe 7276133 Karlsruhe Rechtsanwaltskammer Athen\/Griechenland Akadimias Str. 60GR-10679 Athen [&hellip;]\" \/>\n<meta property=\"og:url\" content=\"https:\/\/rechtsanwaltskanzlei-heidelberg.de\/en\/impressum\/\" \/>\n<meta property=\"og:site_name\" content=\"Rechtsanwaltskanzlei Heidelberg\" \/>\n<meta property=\"article:modified_time\" content=\"2025-08-13T11:07:22+00:00\" \/>\n<meta name=\"twitter:card\" content=\"summary_large_image\" \/>\n<meta name=\"twitter:label1\" content=\"Estimated reading time\" \/>\n\t<meta name=\"twitter:data1\" content=\"2 minutes\" \/>\n<script type=\"application\/ld+json\" class=\"yoast-schema-graph\">{\"@context\":\"https:\\\/\\\/schema.org\",\"@graph\":[{\"@type\":\"WebPage\",\"@id\":\"https:\\\/\\\/rechtsanwaltskanzlei-heidelberg.de\\\/impressum\\\/\",\"url\":\"https:\\\/\\\/rechtsanwaltskanzlei-heidelberg.de\\\/impressum\\\/\",\"name\":\"Impressum - Rechtsanwaltskanzlei Heidelberg\",\"isPartOf\":{\"@id\":\"https:\\\/\\\/rechtsanwaltskanzlei-heidelberg.de\\\/#website\"},\"datePublished\":\"2022-11-12T23:14:46+00:00\",\"dateModified\":\"2025-08-13T11:07:22+00:00\",\"breadcrumb\":{\"@id\":\"https:\\\/\\\/rechtsanwaltskanzlei-heidelberg.de\\\/impressum\\\/#breadcrumb\"},\"inLanguage\":\"en-GB\",\"potentialAction\":[{\"@type\":\"ReadAction\",\"target\":[\"https:\\\/\\\/rechtsanwaltskanzlei-heidelberg.de\\\/impressum\\\/\"]}]},{\"@type\":\"BreadcrumbList\",\"@id\":\"https:\\\/\\\/rechtsanwaltskanzlei-heidelberg.de\\\/impressum\\\/#breadcrumb\",\"itemListElement\":[{\"@type\":\"ListItem\",\"position\":1,\"name\":\"Startseite\",\"item\":\"https:\\\/\\\/rechtsanwaltskanzlei-heidelberg.de\\\/\"},{\"@type\":\"ListItem\",\"position\":2,\"name\":\"Impressum\"}]},{\"@type\":\"WebSite\",\"@id\":\"https:\\\/\\\/rechtsanwaltskanzlei-heidelberg.de\\\/#website\",\"url\":\"https:\\\/\\\/rechtsanwaltskanzlei-heidelberg.de\\\/\",\"name\":\"Rechtsanwaltskanzlei Heidelberg\",\"description\":\"Ihre Rechtsanwaltskanzlei in Heidelberg\",\"publisher\":{\"@id\":\"https:\\\/\\\/rechtsanwaltskanzlei-heidelberg.de\\\/#organization\"},\"potentialAction\":[{\"@type\":\"SearchAction\",\"target\":{\"@type\":\"EntryPoint\",\"urlTemplate\":\"https:\\\/\\\/rechtsanwaltskanzlei-heidelberg.de\\\/?s={search_term_string}\"},\"query-input\":{\"@type\":\"PropertyValueSpecification\",\"valueRequired\":true,\"valueName\":\"search_term_string\"}}],\"inLanguage\":\"en-GB\"},{\"@type\":\"Organization\",\"@id\":\"https:\\\/\\\/rechtsanwaltskanzlei-heidelberg.de\\\/#organization\",\"name\":\"Rechtsanwaltskanzlei Heidelberg\",\"url\":\"https:\\\/\\\/rechtsanwaltskanzlei-heidelberg.de\\\/\",\"logo\":{\"@type\":\"ImageObject\",\"inLanguage\":\"en-GB\",\"@id\":\"https:\\\/\\\/rechtsanwaltskanzlei-heidelberg.de\\\/#\\\/schema\\\/logo\\\/image\\\/\",\"url\":\"https:\\\/\\\/rechtsanwaltskanzlei-heidelberg.de\\\/wp-content\\\/uploads\\\/2022\\\/11\\\/Logo2025.png\",\"contentUrl\":\"https:\\\/\\\/rechtsanwaltskanzlei-heidelberg.de\\\/wp-content\\\/uploads\\\/2022\\\/11\\\/Logo2025.png\",\"width\":500,\"height\":122,\"caption\":\"Rechtsanwaltskanzlei Heidelberg\"},\"image\":{\"@id\":\"https:\\\/\\\/rechtsanwaltskanzlei-heidelberg.de\\\/#\\\/schema\\\/logo\\\/image\\\/\"}}]}<\/script>\n<!-- \/ Yoast SEO plugin. -->","yoast_head_json":{"title":"Impressum - Rechtsanwaltskanzlei Heidelberg","robots":{"index":"index","follow":"follow","max-snippet":"max-snippet:-1","max-image-preview":"max-image-preview:large","max-video-preview":"max-video-preview:-1"},"canonical":"https:\/\/rechtsanwaltskanzlei-heidelberg.de\/en\/impressum\/","og_locale":"en_GB","og_type":"article","og_title":"Impressum - Rechtsanwaltskanzlei Heidelberg","og_description":"Impressum Zimmermann &#8211; B\u00e4uerle und Partner Rechtsanw\u00e4lte PartG mbB Weberstr. 2D 69120 Heidelberg Telefon: 06221 \/ 50256-0Telefax: 06221 \/ 50256-10E-Mail:\u00a0info@rechtsanwaltskanzlei-heidelberg.de Amtsgericht Mannheim, Partnerschaftsregister 700461 Partner: Tim B\u00e4uerle, Rechtsanwalt Despina Triantou, Rechtsanw\u00e4ltin Sofia Fogel, Rechtsanw\u00e4ltin Wir sind Rechtsanw\u00e4lte (Bundesrepublik Deutschland) und geh\u00f6ren der folgenden Rechtsanwaltskammer an: Rechtsanwaltskammer KarlsruheReinhold-Frank-Stra\u00dfe 7276133 Karlsruhe Rechtsanwaltskammer Athen\/Griechenland Akadimias Str. 60GR-10679 Athen [&hellip;]","og_url":"https:\/\/rechtsanwaltskanzlei-heidelberg.de\/en\/impressum\/","og_site_name":"Rechtsanwaltskanzlei Heidelberg","article_modified_time":"2025-08-13T11:07:22+00:00","twitter_card":"summary_large_image","twitter_misc":{"Estimated reading time":"2 minutes"},"schema":{"@context":"https:\/\/schema.org","@graph":[{"@type":"WebPage","@id":"https:\/\/rechtsanwaltskanzlei-heidelberg.de\/impressum\/","url":"https:\/\/rechtsanwaltskanzlei-heidelberg.de\/impressum\/","name":"Impressum - Rechtsanwaltskanzlei Heidelberg","isPartOf":{"@id":"https:\/\/rechtsanwaltskanzlei-heidelberg.de\/#website"},"datePublished":"2022-11-12T23:14:46+00:00","dateModified":"2025-08-13T11:07:22+00:00","breadcrumb":{"@id":"https:\/\/rechtsanwaltskanzlei-heidelberg.de\/impressum\/#breadcrumb"},"inLanguage":"en-GB","potentialAction":[{"@type":"ReadAction","target":["https:\/\/rechtsanwaltskanzlei-heidelberg.de\/impressum\/"]}]},{"@type":"BreadcrumbList","@id":"https:\/\/rechtsanwaltskanzlei-heidelberg.de\/impressum\/#breadcrumb","itemListElement":[{"@type":"ListItem","position":1,"name":"Startseite","item":"https:\/\/rechtsanwaltskanzlei-heidelberg.de\/"},{"@type":"ListItem","position":2,"name":"Impressum"}]},{"@type":"WebSite","@id":"https:\/\/rechtsanwaltskanzlei-heidelberg.de\/#website","url":"https:\/\/rechtsanwaltskanzlei-heidelberg.de\/","name":"Rechtsanwaltskanzlei Heidelberg","description":"Ihre Rechtsanwaltskanzlei in Heidelberg","publisher":{"@id":"https:\/\/rechtsanwaltskanzlei-heidelberg.de\/#organization"},"potentialAction":[{"@type":"SearchAction","target":{"@type":"EntryPoint","urlTemplate":"https:\/\/rechtsanwaltskanzlei-heidelberg.de\/?s={search_term_string}"},"query-input":{"@type":"PropertyValueSpecification","valueRequired":true,"valueName":"search_term_string"}}],"inLanguage":"en-GB"},{"@type":"Organization","@id":"https:\/\/rechtsanwaltskanzlei-heidelberg.de\/#organization","name":"Rechtsanwaltskanzlei Heidelberg","url":"https:\/\/rechtsanwaltskanzlei-heidelberg.de\/","logo":{"@type":"ImageObject","inLanguage":"en-GB","@id":"https:\/\/rechtsanwaltskanzlei-heidelberg.de\/#\/schema\/logo\/image\/","url":"https:\/\/rechtsanwaltskanzlei-heidelberg.de\/wp-content\/uploads\/2022\/11\/Logo2025.png","contentUrl":"https:\/\/rechtsanwaltskanzlei-heidelberg.de\/wp-content\/uploads\/2022\/11\/Logo2025.png","width":500,"height":122,"caption":"Rechtsanwaltskanzlei Heidelberg"},"image":{"@id":"https:\/\/rechtsanwaltskanzlei-heidelberg.de\/#\/schema\/logo\/image\/"}}]}},"_links":{"self":[{"href":"https:\/\/rechtsanwaltskanzlei-heidelberg.de\/en\/wp-json\/wp\/v2\/pages\/122","targetHints":{"allow":["GET"]}}],"collection":[{"href":"https:\/\/rechtsanwaltskanzlei-heidelberg.de\/en\/wp-json\/wp\/v2\/pages"}],"about":[{"href":"https:\/\/rechtsanwaltskanzlei-heidelberg.de\/en\/wp-json\/wp\/v2\/types\/page"}],"author":[{"embeddable":true,"href":"https:\/\/rechtsanwaltskanzlei-heidelberg.de\/en\/wp-json\/wp\/v2\/users\/1"}],"replies":[{"embeddable":true,"href":"https:\/\/rechtsanwaltskanzlei-heidelberg.de\/en\/wp-json\/wp\/v2\/comments?post=122"}],"version-history":[{"count":26,"href":"https:\/\/rechtsanwaltskanzlei-heidelberg.de\/en\/wp-json\/wp\/v2\/pages\/122\/revisions"}],"predecessor-version":[{"id":2058,"href":"https:\/\/rechtsanwaltskanzlei-heidelberg.de\/en\/wp-json\/wp\/v2\/pages\/122\/revisions\/2058"}],"wp:attachment":[{"href":"https:\/\/rechtsanwaltskanzlei-heidelberg.de\/en\/wp-json\/wp\/v2\/media?parent=122"}],"curies":[{"name":"wp","href":"https:\/\/api.w.org\/{rel}","templated":true}]}}